{"id":227,"date":"2022-06-22T08:17:41","date_gmt":"2022-06-22T08:17:41","guid":{"rendered":"https:\/\/www.3dgraph.de\/?page_id=227"},"modified":"2025-12-15T11:52:22","modified_gmt":"2025-12-15T10:52:22","slug":"datenschutzerklaerung","status":"publish","type":"page","link":"https:\/\/www.3dgraph.de\/index.php\/privacy-policy\/datenschutzerklaerung\/","title":{"rendered":"Datenschutzerkl\u00e4rung"},"content":{"rendered":"<ul>\n<li style=\"text-align: center;\"><strong>Datenschutzerkl\u00e4rung<\/strong><\/li>\n<li id=\"s3-well\" class=\"well s3-valid\">\n<div class=\"s3-t s3-t0\">\n<p style=\"text-align: center;\"><strong>Allgemeiner Hinweis und Pflichtinformationen<\/strong><\/p>\n<p style=\"text-align: center;\"><strong>Benennung der verantwortlichen Stelle<\/strong><\/p>\n<p style=\"text-align: center;\">Die verantwortliche Stelle f\u00fcr die Datenverarbeitung auf dieser Website ist:<\/p>\n<p><img loading=\"lazy\" decoding=\"async\" class=\"wp-image-336 aligncenter\" src=\"https:\/\/www.3dgraph.de\/wp-content\/uploads\/2025\/12\/Bildschirmfoto-2025-12-15-um-10.43.28.png\" alt=\"\" width=\"156\" height=\"145\" \/><\/p>\n<p style=\"text-align: center;\">Die verantwortliche Stelle entscheidet allein oder gemeinsam mit anderen \u00fcber die Zwecke und Mittel der Verarbeitung von personenbezogenen Daten (z.B. Namen, Kontaktdaten o. \u00c4.).<\/p>\n<p style=\"text-align: center;\"><strong>Widerruf Ihrer Einwilligung zur Datenverarbeitung<\/strong><\/p>\n<p style=\"text-align: center;\">Nur mit Ihrer ausdr\u00fccklichen Einwilligung sind einige Vorg\u00e4nge der Datenverarbeitung m\u00f6glich. Ein Widerruf Ihrer bereits erteilten Einwilligung ist jederzeit m\u00f6glich. F\u00fcr den Widerruf gen\u00fcgt eine formlose Mitteilung per E-Mail. Die Rechtm\u00e4\u00dfigkeit der bis zum Widerruf erfolgten Datenverarbeitung bleibt vom Widerruf unber\u00fchrt.<\/p>\n<p style=\"text-align: center;\"><strong>Recht auf Beschwerde bei der zust\u00e4ndigen Aufsichtsbeh\u00f6rde<\/strong><\/p>\n<p style=\"text-align: center;\">Als Betroffener steht Ihnen im Falle eines datenschutzrechtlichen Versto\u00dfes ein Beschwerderecht bei der zust\u00e4ndigen Aufsichtsbeh\u00f6rde zu. Zust\u00e4ndige Aufsichtsbeh\u00f6rde bez\u00fcglich datenschutzrechtlicher Fragen ist der Landesdatenschutzbeauftragte des Bundeslandes, in dem sich der Sitz unseres Unternehmens befindet. Der folgende Link stellt eine Liste der Datenschutzbeauftragten sowie deren Kontaktdaten bereit: <a href=\"https:\/\/www.bfdi.bund.de\/DE\/Infothek\/Anschriften_Links\/anschriften_links-node.html\">https:\/\/www.bfdi.bund.de\/DE\/Infothek\/Anschriften_Links\/anschriften_links-node.html<\/a>.<\/p>\n<p style=\"text-align: center;\"><strong>Recht auf Daten\u00fcbertragbarkeit<\/strong><\/p>\n<p style=\"text-align: center;\">Ihnen steht das Recht zu, Daten, die wir auf Grundlage Ihrer Einwilligung oder in Erf\u00fcllung eines Vertrags automatisiert verarbeiten, an sich oder an Dritte aush\u00e4ndigen zu lassen. Die Bereitstellung erfolgt in einem maschinenlesbaren Format. Sofern Sie die direkte \u00dcbertragung der Daten an einen anderen Verantwortlichen verlangen, erfolgt dies nur, soweit es technisch machbar ist.<\/p>\n<p style=\"text-align: center;\"><strong>Recht auf Auskunft, Berichtigung, Sperrung, L\u00f6schung<\/strong><\/p>\n<p style=\"text-align: center;\">Sie haben jederzeit im Rahmen der geltenden gesetzlichen Bestimmungen das Recht auf unentgeltliche Auskunft \u00fcber Ihre gespeicherten personenbezogenen Daten, Herkunft der Daten, deren Empf\u00e4nger und den Zweck der Datenverarbeitung und ggf. ein Recht auf Berichtigung, Sperrung oder L\u00f6schung dieser Daten. Diesbez\u00fcglich und auch zu weiteren Fragen zum Thema personenbezogene Daten k\u00f6nnen Sie sich jederzeit \u00fcber die im Impressum aufgef\u00fchrten Kontaktm\u00f6glichkeiten an uns wenden.<\/p>\n<p style=\"text-align: center;\"><strong>SSL- bzw. TLS-Verschl\u00fcsselung<\/strong><\/p>\n<p style=\"text-align: center;\">Aus Sicherheitsgr\u00fcnden und zum Schutz der \u00dcbertragung vertraulicher Inhalte, die Sie an uns als Seitenbetreiber senden, nutzt unsere Website eine SSL-bzw. TLS-Verschl\u00fcsselung. Damit sind Daten, die Sie \u00fcber diese Website \u00fcbermitteln, f\u00fcr Dritte nicht mitlesbar. Sie erkennen eine verschl\u00fcsselte Verbindung an der \u201ehttps:\/\/\u201c Adresszeile Ihres Browsers und am Schloss-Symbol in der Browserzeile.<\/p>\n<p style=\"text-align: center;\"><strong>Server-Log-Dateien<\/strong><\/p>\n<p style=\"text-align: center;\">In Server-Log-Dateien erhebt und speichert der Provider der Website automatisch Informationen, die Ihr Browser automatisch an uns \u00fcbermittelt. Dies sind:<\/p>\n<ul style=\"text-align: center;\">\n<li>Besuchte Seite auf unserer Domain<\/li>\n<li>Datum und Uhrzeit der Serveranfrage<\/li>\n<li>Browsertyp und Browserversion<\/li>\n<li>Verwendetes Betriebssystem<\/li>\n<li>Referrer URL<\/li>\n<li>Hostname des zugreifenden Rechners<\/li>\n<li>IP-Adresse<\/li>\n<\/ul>\n<p style=\"text-align: center;\">Diese Daten sind f\u00fcr uns technisch erforderlich, um Ihnen unsere Website anzuzeigen und die Stabilit\u00e4t und Sicherheit zu gew\u00e4hrleisten. (Rechtsgrundlage der Datenverarbeitung bildet Art. 6 Abs. 1 lit. f DSGVO) Es findet keine Zusammenf\u00fchrung dieser Daten mit anderen Datenquellen statt.<\/p>\n<p style=\"text-align: center;\"><strong>Cookies<\/strong><\/p>\n<p style=\"text-align: center;\">Unsere Website verwendet Cookies. Das sind kleine Textdateien, die Ihr Webbrowser auf Ihrem Endger\u00e4t speichert. Cookies helfen uns dabei, unser Angebot nutzerfreundlicher, effektiver und sicherer zu machen.<\/p>\n<p style=\"text-align: center;\">Einige Cookies sind \u201cSession-Cookies.\u201d Solche Cookies werden nach Ende Ihrer Browser-Sitzung von selbst gel\u00f6scht. Hingegen bleiben andere Cookies auf Ihrem Endger\u00e4t bestehen, bis Sie diese selbst l\u00f6schen. Solche Cookies helfen uns, Sie bei R\u00fcckkehr auf unserer Website wiederzuerkennen.<\/p>\n<p style=\"text-align: center;\">Mit einem modernen Webbrowser k\u00f6nnen Sie das Setzen von Cookies \u00fcberwachen, einschr\u00e4nken oder unterbinden. Viele Webbrowser lassen sich so konfigurieren, dass Cookies mit dem Schlie\u00dfen des Programms von selbst gel\u00f6scht werden. Die Deaktivierung von Cookies kann eine eingeschr\u00e4nkte Funktionalit\u00e4t unserer Website zur Folge haben.<\/p>\n<p style=\"text-align: center;\">Das Setzen von Cookies, die zur Aus\u00fcbung elektronischer Kommunikationsvorg\u00e4nge oder der Bereitstellung bestimmter, von Ihnen erw\u00fcnschter Funktionen (z.B. Warenkorb) notwendig sind, erfolgt auf Grundlage von Art. 6 Abs. 1 lit. f DSGVO. Als Betreiber dieser Website haben wir ein berechtigtes Interesse an der Speicherung von Cookies zur technisch fehlerfreien und reibungslosen Bereitstellung unserer Dienste. Sofern die Setzung anderer Cookies (z.B. f\u00fcr Analyse-Funktionen) erfolgt, werden diese in dieser Datenschutzerkl\u00e4rung separat behandelt.<\/p>\n<\/div>\n<p>Zur Verwaltung der eingesetzten Cookies und \u00e4hnlichen Technologien (Tracking-Pixel, Web-Beacons etc.) und diesbez\u00fcglicher Einwilligungen setzen wir das Consent Tool &#8222;Real Cookie Banner&#8220; ein. Details zur Funktionsweise von &#8222;Real Cookie Banner&#8220; finden Sie unter https:\/\/devowl.io\/de\/rcb\/datenverarbeitung<\/p>\n<p>Rechtsgrundlagen f\u00fcr die Verarbeitung von personenbezogenen Daten in diesem Zusammenhang sind Art. 6 Abs. 1 lit. c DS-GVO und Art. 6 Abs. 1 lit. f DS-GVO. Unser berechtigtes Interesse ist die Verwaltung der eingesetzten Cookies und \u00e4hnlichen Technologien und der diesbez\u00fcglichen Einwilligungen.<\/p>\n<p>Die Bereitstellung der personenbezogenen Daten ist weder vertraglich vorgeschrieben noch f\u00fcr den Abschluss eines Vertrages notwendig. Sie sind nicht verpflichtet die personenbezogenen Daten bereitzustellen. Wenn Sie die personenbezogenen Daten nicht bereitstellen, k\u00f6nnen wir Ihre Einwilligungen nicht verwalten.<\/p>\n<div class=\"s3-t s3-t0\">\n<p style=\"text-align: center;\"><strong>YouTube Videos<\/strong><\/p>\n<p style=\"text-align: center;\"><strong>Art und Umfang der Verarbeitung<\/strong><\/p>\n<p style=\"text-align: center;\">Wir haben auf unserer Website YouTube Video integriert. YouTube Video ist eine Komponente der Videoplattform der YouTube, LLC, auf der Nutzer Inhalte hochladen, \u00fcber das Internet teilen und detaillierte Statistiken erhalten k\u00f6nnen. YouTube Video erm\u00f6glicht es uns, Inhalte der Plattform in unsere Website zu integrieren.<\/p>\n<p style=\"text-align: center;\">YouTube Video nutzt Cookies und weitere Browser-Technologien um Nutzerverhalten auszuwerten, Nutzer wiederzuerkennen und Nutzerprofile zu erstellen. Diese Informationen werden unter anderem genutzt, um die Aktivit\u00e4t der angeh\u00f6rten Inhalte zu analysieren und Berichte zu erstellen. Wenn ein Nutzer bei YouTube, LLC registriert ist, kann YouTube Video die abgespielten Videos dem Profil zuordnen.<\/p>\n<p style=\"text-align: center;\">Wenn Sie auf diese Inhalte zugreifen, stellen Sie eine Verbindung zu Servern der YouTube, LLC, Google Ireland Limited, Gordon House, Barrow Street Dublin 4 Irland her, wobei Ihre IP-Adresse und ggf. Browserdaten wie Ihr User-Agent \u00fcbermittelt werden.<\/p>\n<p style=\"text-align: center;\"><strong>Zweck und Rechtsgrundlage<\/strong><\/p>\n<p style=\"text-align: center;\">Die Nutzung des Dienstes erfolgt auf Grundlage Ihrer Einwilligung gem\u00e4\u00df Art. 6 Abs. 1 lit. a. DSGVO und \u00a725 Abs. 1 TDDDG. Wir beabsichtigen personenbezogenen Daten an Drittl\u00e4nder au\u00dferhalb des Europ\u00e4ischen Wirtschaftsraums, insbesondere die USA, zu \u00fcbermitteln. Die Daten\u00fcbermittlung in die USA erfolgt nach Art. 45 Abs. 1 DSGVO auf Grundlage des Angemessenheitsbeschluss der Europ\u00e4ischen Kommission. Die beteiligten US-Unternehmen und\/oder deren US-Unterauftragnehmer sind nach dem EU-U.S. Data Privacy Framework (EU-U.S. DPF) zertifiziert.<\/p>\n<p style=\"text-align: center;\"><strong>Speicherdauer<\/strong><\/p>\n<p style=\"text-align: center;\">Die konkrete Speicherdauer der verarbeiteten Daten ist nicht durch uns beeinflussbar, sondern wird von YouTube, LLC bestimmt. Weitere Hinweise finden Sie in der Datenschutzerkl\u00e4rung f\u00fcr YouTube Video: <a href=\"https:\/\/policies.google.com\/privacy\">https:\/\/policies.google.com\/privacy<\/a>.<\/p>\n<p style=\"text-align: center;\"><strong>Google Analytics<\/strong><\/p>\n<p style=\"text-align: center;\"><strong>Art und Umfang der Verarbeitung<\/strong><\/p>\n<p style=\"text-align: center;\">Wir verwenden Google Analytics von Google Ireland Limited, Gordon House, Barrow Street, Dublin 4, Irland, als Analysedienst zur statistischen Auswertung unseres Onlineangebotes. Diese umfasst beispielsweise die Anzahl der Aufrufe unseres Onlineangebotes, besuchte Unterseiten und die Verweildauer von Besuchern.<\/p>\n<p style=\"text-align: center;\">Google Analytics nutzt Cookies und weitere Browser-Technologien, um Nutzerverhalten auszuwerten und Nutzer wiederzuerkennen.<\/p>\n<p style=\"text-align: center;\">Diese Informationen werden unter anderem genutzt, um Berichte \u00fcber die Aktivit\u00e4t der Website zusammenzustellen.<\/p>\n<p style=\"text-align: center;\"><strong>Zweck und Rechtsgrundlage<\/strong><\/p>\n<p style=\"text-align: center;\">Der Einsatz von Google Analytics erfolgt auf Grundlage Ihrer Einwilligung gem\u00e4\u00df Art. 6 Abs. 1 lit. a. DSGVO und \u00a7 25 Abs. 1 TDDDG.<\/p>\n<p style=\"text-align: center;\">Wir beabsichtigen personenbezogenen Daten an Drittl\u00e4nder au\u00dferhalb des Europ\u00e4ischen Wirtschaftsraums, insbesondere die USA, zu \u00fcbermitteln. Die Daten\u00fcbermittlung in die USA erfolgt nach Art. 45 Abs. 1 DSGVO auf Grundlage des Angemessenheitsbeschluss der Europ\u00e4ischen Kommission. Die beteiligten US-Unternehmen und\/oder deren US-Unterauftragnehmer sind nach dem EU-U.S. Data Privacy Framework (EU-U.S. DPF) zertifiziert.<\/p>\n<p style=\"text-align: center;\">In F\u00e4llen, in denen kein Angemessenheitsbeschluss der Europ\u00e4ischen Kommission existiert (einschlie\u00dflich der US-Unternehmen, die nicht nach EU-U.S. DPF zertifiziert sind) haben wir mit den Empf\u00e4ngern der Daten anderweitige geeignete Garantien im Sinne der Art. 44 ff. DSGVO vereinbart. Dies sind &#8211; sofern nicht anders angegeben &#8211; Standardvertragsklauseln der EU-Kommission gem\u00e4\u00df Durchf\u00fchrungsbeschluss (EU) 2021\/914 vom 4. Juni 2021. Eine Kopie dieser Standardvertragsklauseln k\u00f6nnen Sie unter\u00a0<a href=\"https:\/\/eur-lex.europa.eu\/legal-content\/DE\/TXT\/HTML\/?uri=CELEX:32021D0914&amp;from=DE\">https:\/\/eur-lex.europa.eu\/legal-content\/DE\/TXT\/HTML\/?uri=CELEX:32021D0914&amp;from=DE<\/a>\u00a0einsehen.<\/p>\n<p style=\"text-align: center;\">Zudem holen wir vor einem solchen Drittlandtransfer Ihre Einwilligung nach Art. 49 Abs. 1 Satz 1 lit. a. DSGVO ein, die Sie \u00fcber die Einwilligung im Consent Manager (oder sonstigen Formularen, Registrierungen etc.) erteilen. Wir weisen Sie darauf hin, dass bei Drittland\u00fcbermittlungen im Detail unbekannte Risiken (z.B. die Datenverarbeitung durch Sicherheitsbeh\u00f6rden des Drittlandes, deren genauer Umfang und deren Folgen f\u00fcr Sie wir nicht kennen, auf die wir keinen Einfluss haben und von denen Sie unter Umst\u00e4nden keine Kenntnis erlangen) bestehen k\u00f6nnen.<\/p>\n<p style=\"text-align: center;\"><strong>Speicherdauer<\/strong><\/p>\n<p style=\"text-align: center;\">Die konkrete Speicherdauer der verarbeiteten Daten ist nicht durch uns beeinflussbar, sondern wird von Google Ireland Limited bestimmt. Weitere Hinweise finden Sie in der Datenschutzerkl\u00e4rung f\u00fcr Google Analytics: https:\/\/policies.google.com\/privacy.<\/p>\n<p style=\"text-align: center;\"><strong>Cookiebot<\/strong><\/p>\n<p style=\"text-align: center;\"><strong>Art und Umfang der Verarbeitung<\/strong><\/p>\n<p style=\"text-align: center;\">Wir haben auf unserer Website Cookiebot integriert. Cookiebot ist eine Zustimmungsl\u00f6sung der Cybot A\/S, Havnegade 39, 1058 Copenhagen, Denmark, mit der die Einwilligung zur Speicherung von Cookies erhalten und dokumentiert werden kann. Cookiebot nutzt Cookies oder andere Web-Technologien, um Nutzer wiederzuerkennen und die erteilte oder widerrufene Einwilligung zu speichern.<\/p>\n<p style=\"text-align: center;\"><strong>Zweck und Rechtsgrundlage<\/strong><\/p>\n<p style=\"text-align: center;\">Die Nutzung des Dienstes erfolgt auf Grundlage die gesetzlich vorgeschriebene Zustimmung zur Verwendung von Cookies zu erhalten gem\u00e4\u00df Art. 6 Abs. 1 lit. c. DSGVO.<\/p>\n<p style=\"text-align: center;\"><strong>Speicherdauer<\/strong><\/p>\n<p style=\"text-align: center;\">Die konkrete Speicherdauer der verarbeiteten Daten ist nicht durch uns beeinflussbar, sondern wird von Cybot A\/S bestimmt. Weitere Hinweise finden Sie in der Datenschutzerkl\u00e4rung f\u00fcr Cookiebot: <a href=\"https:\/\/www.cookiebot.com\/de\/privacy-policy\/\">https:\/\/www.cookiebot.com\/de\/privacy-policy\/<\/a>.<\/p>\n<p style=\"text-align: center;\"><strong>Google Web Fonts<\/strong><\/p>\n<p style=\"text-align: center;\"><strong>Art und Umfang der Verarbeitung<\/strong><\/p>\n<p style=\"text-align: center;\">Wir verwenden Google Fonts von Google Ireland Limited, Gordon House, Barrow Street, Dublin 4, Irland, als Dienst zur Bereitstellung von Schriftarten f\u00fcr unser Onlineangebot. Um diese Schriftarten zu beziehen, stellen Sie eine Verbindung zu Servern von Google Ireland Limited her, wobei Ihre IP-Adresse \u00fcbertragen wird.<\/p>\n<p style=\"text-align: center;\"><strong>Zweck und Rechtsgrundlage<\/strong><\/p>\n<p style=\"text-align: center;\">Der Einsatz von Google Fonts erfolgt auf Grundlage Ihrer Einwilligung gem\u00e4\u00df Art. 6 Abs. 1 lit. a. DSGVO und \u00a725 Abs. 1 TDDDG. Wir beabsichtigen personenbezogenen Daten an Drittl\u00e4nder au\u00dferhalb des Europ\u00e4ischen Wirtschaftsraums, insbesondere die USA, zu \u00fcbermitteln. Die Daten\u00fcbermittlung in die USA erfolgt nach Art. 45 Abs. 1 DSGVO auf Grundlage des Angemessenheitsbeschluss der Europ\u00e4ischen Kommission. Die beteiligten US-Unternehmen und\/oder deren US-Unterauftragnehmer sind nach dem EU-U.S. Data Privacy Framework (EU-U.S. DPF) zertifiziert.<\/p>\n<p style=\"text-align: center;\"><strong>Speicherdauer<\/strong><\/p>\n<p style=\"text-align: center;\">Die konkrete Speicherdauer der verarbeiteten Daten ist nicht durch uns beeinflussbar, sondern wird von Google Ireland Limited bestimmt. Weitere Hinweise finden Sie in der Datenschutzerkl\u00e4rung f\u00fcr Google Fonts: <a href=\"https:\/\/policies.google.com\/privacy\">https:\/\/policies.google.com\/privacy<\/a>.<\/p>\n<p style=\"text-align: center;\"><strong>Adobe Typekit<\/strong><\/p>\n<p style=\"text-align: center;\"><strong>Art und Umfang der Verarbeitung<\/strong><\/p>\n<p style=\"text-align: center;\">Wir verwenden Adobe Typekit von Adobe Inc., San Jose, California, US, als Dienst zur Bereitstellung von Schriftarten f\u00fcr unser Onlineangebot. Um diese Schriftarten zu beziehen, stellen Sie eine Verbindung zu Servern von Adobe Inc. her, wobei Ihre IP-Adresse \u00fcbertragen wird.<\/p>\n<p style=\"text-align: center;\"><strong>Zweck und Rechtsgrundlage<\/strong><\/p>\n<p style=\"text-align: center;\">Der Einsatz von Adobe Typekit erfolgt auf Grundlage Ihrer Einwilligung gem\u00e4\u00df Art. 6 Abs. 1 lit. a. DSGVO und \u00a725 Abs. 1 TDDDG. Wir beabsichtigen personenbezogenen Daten an Drittl\u00e4nder au\u00dferhalb des Europ\u00e4ischen Wirtschaftsraums, insbesondere die USA, zu \u00fcbermitteln. Die Daten\u00fcbermittlung in die USA erfolgt nach Art. 45 Abs. 1 DSGVO auf Grundlage des Angemessenheitsbeschluss der Europ\u00e4ischen Kommission. Die beteiligten US-Unternehmen und\/oder deren US-Unterauftragnehmer sind nach dem EU-U.S. Data Privacy Framework (EU-U.S. DPF) zertifiziert.<\/p>\n<p style=\"text-align: center;\"><strong>Speicherdauer<\/strong><\/p>\n<p style=\"text-align: center;\">Die konkrete Speicherdauer der verarbeiteten Daten ist nicht durch uns beeinflussbar, sondern wird von Adobe Inc. bestimmt. Weitere Hinweise finden Sie in der Datenschutzerkl\u00e4rung f\u00fcr Adobe Typekit: <a href=\"https:\/\/www.adobe.com\/de\/privacy\/policies\/adobe-fonts.html\">https:\/\/www.adobe.com\/de\/privacy\/policies\/adobe-fonts.html<\/a>.<\/p>\n<p style=\"text-align: center;\"><strong>Font Awesome<\/strong><\/p>\n<p style=\"text-align: center;\"><strong>Art und Umfang der Verarbeitung<\/strong><\/p>\n<p style=\"text-align: center;\">Wir verwenden zur ordnungsgem\u00e4\u00dfen Bereitstellung der Inhalte unserer Website Font Awesome des Anbieters Fonticons, Inc..<\/p>\n<p style=\"text-align: center;\"><strong>Zweck und Rechtsgrundlage<\/strong><\/p>\n<p style=\"text-align: center;\">Der Einsatz von Font Awesome erfolgt auf Grundlage Ihrer Einwilligung gem\u00e4\u00df Art. 6 Abs. 1 lit. a. DSGVO und \u00a7 25 Abs. 1 TDDDG.<\/p>\n<p style=\"text-align: center;\">Wir beabsichtigen personenbezogenen Daten an Drittl\u00e4nder au\u00dferhalb des Europ\u00e4ischen Wirtschaftsraums, insbesondere die USA, zu \u00fcbermitteln. In F\u00e4llen, in denen kein Angemessenheitsbeschluss der Europ\u00e4ischen Kommission existiert haben wir mit den Empf\u00e4ngern der Daten anderweitige geeignete Garantien im Sinne der Art. 44 ff. DSGVO vereinbart. Dies sind \u2013 sofern nicht anders angegeben \u2013 Standardvertragsklauseln der EU-Kommission gem\u00e4\u00df Durchf\u00fchrungsbeschluss (EU) 2021\/914 vom 4. Juni 2021. Eine Kopie dieser Standardvertragsklauseln k\u00f6nnen Sie unter <a href=\"https:\/\/eur-lex.europa.eu\/legal-content\/DE\/TXT\/HTML\/?uri=CELEX:32021D0914&amp;from=DE\">https:\/\/eur-lex.europa.eu\/legal-content\/DE\/TXT\/HTML\/?uri=CELEX:32021D0914&amp;from=DE<\/a> einsehen.<\/p>\n<p style=\"text-align: center;\">Zudem holen wir vor einem solchen Drittlandtransfer Ihre Einwilligung nach Art. 49 Abs. 1 Satz 1 lit. a. DSGVO ein, die Sie \u00fcber die Einwilligung im Consent Manager (oder sonstigen Formularen, Registrierungen etc.) erteilen. Wir weisen Sie darauf hin, dass bei Drittland\u00fcbermittlungen im Detail unbekannte Risiken (z.B. die Datenverarbeitung durch Sicherheitsbeh\u00f6rden des Drittlandes, deren genauer Umfang und deren Folgen f\u00fcr Sie wir nicht kennen, auf die wir keinen Einfluss haben und von denen Sie unter Umst\u00e4nden keine Kenntnis erlangen) bestehen k\u00f6nnen.<\/p>\n<p style=\"text-align: center;\"><strong>Speicherdauer<\/strong><\/p>\n<p style=\"text-align: center;\">Die konkrete Speicherdauer der verarbeiteten Daten ist nicht durch uns beeinflussbar, sondern wird von Fonticons, Inc. bestimmt. Weitere Hinweise finden Sie in der Datenschutzerkl\u00e4rung f\u00fcr Font Awesome CDN: <a href=\"https:\/\/cdn.fontawesome.com\/privacy\">https:\/\/cdn.fontawesome.com\/privacy<\/a>.<\/p>\n<p style=\"text-align: center;\">Quelle: Datenschutz-Konfigurator von <a href=\"https:\/\/www.hub24.de\">Herold Unternehmensberatung<\/a><\/p>\n<p style=\"text-align: center;\">\n<\/div>\n<\/li>\n<\/ul>\n","protected":false},"excerpt":{"rendered":"<p>Datenschutzerkl\u00e4rung Allgemeiner Hinweis und Pflichtinformationen Benennung der verantwortlichen Stelle Die verantwortliche Stelle f\u00fcr die Datenverarbeitung auf dieser Website ist: Die verantwortliche Stelle entscheidet allein oder gemeinsam mit anderen \u00fcber die Zwecke und Mittel der Verarbeitung von personenbezogenen Daten (z.B. Namen, Kontaktdaten o. \u00c4.). Widerruf Ihrer Einwilligung zur Datenverarbeitung Nur mit Ihrer ausdr\u00fccklichen Einwilligung sind einige [&hellip;]<\/p>\n","protected":false},"author":1,"featured_media":0,"parent":3,"menu_order":0,"comment_status":"closed","ping_status":"closed","template":"","meta":{"footnotes":""},"class_list":["post-227","page","type-page","status-publish","hentry"],"_links":{"self":[{"href":"https:\/\/www.3dgraph.de\/index.php\/wp-json\/wp\/v2\/pages\/227","targetHints":{"allow":["GET"]}}],"collection":[{"href":"https:\/\/www.3dgraph.de\/index.php\/wp-json\/wp\/v2\/pages"}],"about":[{"href":"https:\/\/www.3dgraph.de\/index.php\/wp-json\/wp\/v2\/types\/page"}],"author":[{"embeddable":true,"href":"https:\/\/www.3dgraph.de\/index.php\/wp-json\/wp\/v2\/users\/1"}],"replies":[{"embeddable":true,"href":"https:\/\/www.3dgraph.de\/index.php\/wp-json\/wp\/v2\/comments?post=227"}],"version-history":[{"count":11,"href":"https:\/\/www.3dgraph.de\/index.php\/wp-json\/wp\/v2\/pages\/227\/revisions"}],"predecessor-version":[{"id":350,"href":"https:\/\/www.3dgraph.de\/index.php\/wp-json\/wp\/v2\/pages\/227\/revisions\/350"}],"up":[{"embeddable":true,"href":"https:\/\/www.3dgraph.de\/index.php\/wp-json\/wp\/v2\/pages\/3"}],"wp:attachment":[{"href":"https:\/\/www.3dgraph.de\/index.php\/wp-json\/wp\/v2\/media?parent=227"}],"curies":[{"name":"wp","href":"https:\/\/api.w.org\/{rel}","templated":true}]}}