{"id":3,"date":"2022-06-21T19:04:10","date_gmt":"2022-06-21T19:04:10","guid":{"rendered":"https:\/\/www.3dgraph.de\/?page_id=3"},"modified":"2025-12-15T12:36:01","modified_gmt":"2025-12-15T11:36:01","slug":"privacy-policy","status":"publish","type":"page","link":"https:\/\/www.3dgraph.de\/index.php\/privacy-policy\/","title":{"rendered":"Impressum"},"content":{"rendered":"<div class=\"style-317 style-local-5-c1 position-relative\" data-colibri-id=\"5-c1\">\n<div id=\"custom\" class=\"h-section h-section-global-spacing d-flex align-items-lg-center align-items-md-center align-items-center style-326 style-local-5-c10 position-relative\" data-colibri-component=\"section\" data-colibri-id=\"5-c10\">\n<div class=\"h-section-grid-container h-section-boxed-container\">\n<div class=\"h-row-container gutters-row-lg-2 gutters-row-md-2 gutters-row-0 gutters-row-v-lg-2 gutters-row-v-md-2 gutters-row-v-2 style-327 style-local-5-c11 position-relative\" data-colibri-id=\"5-c11\">\n<div class=\"h-row justify-content-lg-center justify-content-md-center justify-content-center align-items-lg-stretch align-items-md-stretch align-items-stretch gutters-col-lg-2 gutters-col-md-2 gutters-col-0 gutters-col-v-lg-2 gutters-col-v-md-2 gutters-col-v-2\">\n<div class=\"h-column h-column-container d-flex h-col-lg-auto h-col-md-auto h-col-auto style-328-outer style-local-5-c12-outer\">\n<div class=\"d-flex h-flex-basis h-column__inner h-px-lg-2 h-px-md-2 h-px-2 v-inner-lg-2 v-inner-md-2 v-inner-2 style-328 style-local-5-c12 position-relative\" data-colibri-id=\"5-c12\">\n<div class=\"w-100 h-y-container h-column__content h-column__v-align flex-basis-100 align-self-lg-start align-self-md-start align-self-start\">\n<div class=\"h-text h-text-component style-329 style-local-5-c13 position-relative h-element\" data-colibri-id=\"5-c13\">\n<div class=\"\">\n<p style=\"text-align: center;\">Impressum:<\/p>\n<p style=\"text-align: center;\"><img loading=\"lazy\" decoding=\"async\" class=\"alignnone  wp-image-356\" src=\"https:\/\/www.3dgraph.de\/wp-content\/uploads\/2025\/12\/Bildschirmfoto-2025-12-15-um-10.43.28-1.png\" alt=\"\" width=\"116\" height=\"108\" \/><\/p>\n<p style=\"text-align: center;\">Mail: c.jekel@3dgraph.de<\/p>\n<p style=\"text-align: center;\">Diese Seite enth\u00e4lt Links zu weiteren Internetseiten (sog. Dritten) Bitte beachten Sie, dass ich auf deren Inhalte und deren Datenschutzbestimmungen keinen Einfluss habe. Beim Besuch dieser Seite kann Ihr Surfverhalten ausgewertet werden. Informationen hierzu finden Sie in der <a href=\"https:\/\/www.3dgraph.de\/index.php\/datenschutzerklaerung\/\">Datenschutzbestimmung<\/a>.<\/p>\n<p style=\"text-align: center;\">Urheberrecht:<\/p>\n<p style=\"text-align: center;\">Die durch die Seitenbetreiber erstellten Inhalte und Werke auf diesen Seiten unterliegen dem deutschen Urheberrecht. Die Vervielf\u00e4ltigung, Bearbeitung, Verbreitung und jede Art der Verwertung au\u00dferhalb der Grenzen des Urheberrechtes bed\u00fcrfen der schriftlichen Zustimmung des jeweiligen Autors bzw. Erstellers. Downloads und Kopien dieser Seite sind nur f\u00fcr den privaten, nicht kommerziellen Gebrauch gestattet.\u00a0Soweit die Inhalte auf dieser Seite nicht vom Betreiber erstellt wurden, werden die Urheberrechte Dritter beachtet. Insbesondere werden Inhalte Dritter als solche gekennzeichnet. Sollten Sie trotzdem auf eine Urheberrechtsverletzung aufmerksam werden, bitten wir um einen entsprechenden Hinweis. Bei Bekanntwerden von Rechtsverletzungen werden wir derartige Inhalte umgehend entfernen<\/p>\n<p style=\"text-align: center;\"><u>Hinweise:<\/u><\/p>\n<p style=\"text-align: center;\">Rechnung wird unter Kleinunternehmer i. S. v. \u00a7 19 Abs. 1 UStG gestellt.<\/p>\n<\/div>\n<\/div>\n<\/div>\n<\/div>\n<\/div>\n<\/div>\n<\/div>\n<\/div>\n<\/div>\n<\/div>\n","protected":false},"excerpt":{"rendered":"<p>Impressum: Mail: c.jekel@3dgraph.de Diese Seite enth\u00e4lt Links zu weiteren Internetseiten (sog. Dritten) Bitte beachten Sie, dass ich auf deren Inhalte und deren Datenschutzbestimmungen keinen Einfluss habe. Beim Besuch dieser Seite kann Ihr Surfverhalten ausgewertet werden. Informationen hierzu finden Sie in der Datenschutzbestimmung. Urheberrecht: Die durch die Seitenbetreiber erstellten Inhalte und Werke auf diesen Seiten unterliegen [&hellip;]<\/p>\n","protected":false},"author":1,"featured_media":0,"parent":0,"menu_order":0,"comment_status":"closed","ping_status":"open","template":"","meta":{"footnotes":""},"class_list":["post-3","page","type-page","status-publish","hentry"],"_links":{"self":[{"href":"https:\/\/www.3dgraph.de\/index.php\/wp-json\/wp\/v2\/pages\/3","targetHints":{"allow":["GET"]}}],"collection":[{"href":"https:\/\/www.3dgraph.de\/index.php\/wp-json\/wp\/v2\/pages"}],"about":[{"href":"https:\/\/www.3dgraph.de\/index.php\/wp-json\/wp\/v2\/types\/page"}],"author":[{"embeddable":true,"href":"https:\/\/www.3dgraph.de\/index.php\/wp-json\/wp\/v2\/users\/1"}],"replies":[{"embeddable":true,"href":"https:\/\/www.3dgraph.de\/index.php\/wp-json\/wp\/v2\/comments?post=3"}],"version-history":[{"count":9,"href":"https:\/\/www.3dgraph.de\/index.php\/wp-json\/wp\/v2\/pages\/3\/revisions"}],"predecessor-version":[{"id":357,"href":"https:\/\/www.3dgraph.de\/index.php\/wp-json\/wp\/v2\/pages\/3\/revisions\/357"}],"wp:attachment":[{"href":"https:\/\/www.3dgraph.de\/index.php\/wp-json\/wp\/v2\/media?parent=3"}],"curies":[{"name":"wp","href":"https:\/\/api.w.org\/{rel}","templated":true}]}}